{"id":82,"date":"2023-05-02T17:22:08","date_gmt":"2023-05-02T14:22:08","guid":{"rendered":"https:\/\/16.cawieafnoiae.site\/?page_id=82"},"modified":"2023-09-27T21:35:07","modified_gmt":"2023-09-27T18:35:07","slug":"ueber-uns","status":"publish","type":"page","link":"https:\/\/16.cawieafnoiae.site\/index.php\/ueber-uns\/","title":{"rendered":"\u00dcber Uns"},"content":{"rendered":"\t\t<div data-elementor-type=\"wp-page\" data-elementor-id=\"82\" class=\"elementor elementor-82\" data-elementor-post-type=\"page\">\n\t\t\t\t<div class=\"elementor-element elementor-element-92333e8 e-flex e-con-boxed e-con e-parent\" data-id=\"92333e8\" data-element_type=\"container\">\n\t\t\t\t\t<div class=\"e-con-inner\">\n\t\t\t\t<div class=\"elementor-element elementor-element-156ffcf elementor-widget elementor-widget-spacer\" data-id=\"156ffcf\" data-element_type=\"widget\" data-widget_type=\"spacer.default\">\n\t\t\t\t<div class=\"elementor-widget-container\">\n\t\t\t\t\t<div class=\"elementor-spacer\">\n\t\t\t<div class=\"elementor-spacer-inner\"><\/div>\n\t\t<\/div>\n\t\t\t\t<\/div>\n\t\t\t\t<\/div>\n\t\t\t\t\t<\/div>\n\t\t\t\t<\/div>\n\t\t<div class=\"elementor-element elementor-element-cf613b5 e-flex e-con-boxed e-con e-parent\" data-id=\"cf613b5\" data-element_type=\"container\">\n\t\t\t\t\t<div class=\"e-con-inner\">\n\t\t<div class=\"elementor-element elementor-element-083e892 e-flex e-con-boxed e-con e-child\" data-id=\"083e892\" data-element_type=\"container\">\n\t\t\t\t\t<div class=\"e-con-inner\">\n\t\t\t\t<div class=\"elementor-element elementor-element-ccdc4d2 elementor-widget elementor-widget-spacer\" data-id=\"ccdc4d2\" data-element_type=\"widget\" data-widget_type=\"spacer.default\">\n\t\t\t\t<div class=\"elementor-widget-container\">\n\t\t\t\t\t<div class=\"elementor-spacer\">\n\t\t\t<div class=\"elementor-spacer-inner\"><\/div>\n\t\t<\/div>\n\t\t\t\t<\/div>\n\t\t\t\t<\/div>\n\t\t\t\t<div class=\"elementor-element elementor-element-73f96b6 elementor-widget elementor-widget-heading\" data-id=\"73f96b6\" data-element_type=\"widget\" data-widget_type=\"heading.default\">\n\t\t\t\t<div class=\"elementor-widget-container\">\n\t\t\t<h2 class=\"elementor-heading-title elementor-size-default\">Herzlich willkommen bei Pflegedienst Rheinland! <\/h2>\t\t<\/div>\n\t\t\t\t<\/div>\n\t\t\t\t<div class=\"elementor-element elementor-element-b6f3341 elementor-widget-tablet__width-initial elementor-widget elementor-widget-heading\" data-id=\"b6f3341\" data-element_type=\"widget\" data-widget_type=\"heading.default\">\n\t\t\t\t<div class=\"elementor-widget-container\">\n\t\t\t<h2 class=\"elementor-heading-title elementor-size-default\">Wir sind stolz darauf, Ihnen einen vertrauensw\u00fcrdigen Partner f\u00fcr erstklassige Pflege und Betreuung im Rheinland vorzustellen.<\/h2>\t\t<\/div>\n\t\t\t\t<\/div>\n\t\t\t\t<div class=\"elementor-element elementor-element-66c7de9 elementor-widget-divider--view-line elementor-widget elementor-widget-divider\" data-id=\"66c7de9\" data-element_type=\"widget\" data-widget_type=\"divider.default\">\n\t\t\t\t<div class=\"elementor-widget-container\">\n\t\t\t\t\t<div class=\"elementor-divider\">\n\t\t\t<span class=\"elementor-divider-separator\">\n\t\t\t\t\t\t<\/span>\n\t\t<\/div>\n\t\t\t\t<\/div>\n\t\t\t\t<\/div>\n\t\t\t\t<div class=\"elementor-element elementor-element-f16ca1e elementor-widget elementor-widget-text-editor\" data-id=\"f16ca1e\" data-element_type=\"widget\" data-widget_type=\"text-editor.default\">\n\t\t\t\t<div class=\"elementor-widget-container\">\n\t\t\t\t\t\t\t<div class=\" px-16 w-full 720:px-24 1000:px-32 1280:px-0 1280:w-1216 1280:mx-auto \"><div class=\"\"><p>Unser Unternehmen wurde mit dem Ziel gegr\u00fcndet, Pflegebed\u00fcrftigen und ihren Familien qualitativ hochwertige und individuell angepasste Pflegedienstleistungen anzubieten. Mit unserer langj\u00e4hrigen Erfahrung und unserem engagierten Team aus hochqualifizierten Pflegefachkr\u00e4ften sind wir fest davon \u00fcberzeugt, dass wir Ihnen die bestm\u00f6gliche Pflege bieten k\u00f6nnen.<\/p><\/div><\/div>\t\t\t\t\t\t<\/div>\n\t\t\t\t<\/div>\n\t\t\t\t\t<\/div>\n\t\t\t\t<\/div>\n\t\t\t\t\t<\/div>\n\t\t\t\t<\/div>\n\t\t<div class=\"elementor-element elementor-element-d2c21b2 e-flex e-con-boxed e-con e-parent\" data-id=\"d2c21b2\" data-element_type=\"container\">\n\t\t\t\t\t<div class=\"e-con-inner\">\n\t\t<div class=\"elementor-element elementor-element-04006e4 e-con-full e-flex e-con e-child\" data-id=\"04006e4\" data-element_type=\"container\">\n\t\t\t\t<div class=\"elementor-element elementor-element-8512de7 elementor-widget elementor-widget-image\" data-id=\"8512de7\" data-element_type=\"widget\" data-widget_type=\"image.default\">\n\t\t\t\t<div class=\"elementor-widget-container\">\n\t\t\t\t\t\t\t\t\t\t\t\t\t<img fetchpriority=\"high\" decoding=\"async\" width=\"1024\" height=\"884\" src=\"https:\/\/16.cawieafnoiae.site\/wp-content\/uploads\/2023\/07\/face-mask-mockup-featuring-a-female-doctor-with-a-cape-41799-r-el2-1024x884.png\" class=\"attachment-large size-large wp-image-1420\" alt=\"\" srcset=\"https:\/\/16.cawieafnoiae.site\/wp-content\/uploads\/2023\/07\/face-mask-mockup-featuring-a-female-doctor-with-a-cape-41799-r-el2-1024x884.png 1024w, https:\/\/16.cawieafnoiae.site\/wp-content\/uploads\/2023\/07\/face-mask-mockup-featuring-a-female-doctor-with-a-cape-41799-r-el2-300x259.png 300w, https:\/\/16.cawieafnoiae.site\/wp-content\/uploads\/2023\/07\/face-mask-mockup-featuring-a-female-doctor-with-a-cape-41799-r-el2-768x663.png 768w, https:\/\/16.cawieafnoiae.site\/wp-content\/uploads\/2023\/07\/face-mask-mockup-featuring-a-female-doctor-with-a-cape-41799-r-el2-1536x1326.png 1536w, https:\/\/16.cawieafnoiae.site\/wp-content\/uploads\/2023\/07\/face-mask-mockup-featuring-a-female-doctor-with-a-cape-41799-r-el2-600x518.png 600w, https:\/\/16.cawieafnoiae.site\/wp-content\/uploads\/2023\/07\/face-mask-mockup-featuring-a-female-doctor-with-a-cape-41799-r-el2.png 1920w\" sizes=\"(max-width: 1024px) 100vw, 1024px\" \/>\t\t\t\t\t\t\t\t\t\t\t\t\t<\/div>\n\t\t\t\t<\/div>\n\t\t\t\t<\/div>\n\t\t<div class=\"elementor-element elementor-element-d19f200 e-con-full e-flex e-con e-child\" data-id=\"d19f200\" data-element_type=\"container\">\n\t\t\t\t<div class=\"elementor-element elementor-element-a870b6d elementor-widget elementor-widget-text-editor\" data-id=\"a870b6d\" data-element_type=\"widget\" data-widget_type=\"text-editor.default\">\n\t\t\t\t<div class=\"elementor-widget-container\">\n\t\t\t\t\t\t\t<p class=\" font-buenos-aires-text font-regular text-6d767c text-16 leading-24 mb-8 \">Was zeichnet uns aus?<\/p>\t\t\t\t\t\t<\/div>\n\t\t\t\t<\/div>\n\t\t\t\t<div class=\"elementor-element elementor-element-01634d7 elementor-widget__width-auto elementor-widget-mobile__width-inherit elementor-widget elementor-widget-heading\" data-id=\"01634d7\" data-element_type=\"widget\" data-widget_type=\"heading.default\">\n\t\t\t\t<div class=\"elementor-widget-container\">\n\t\t\t<h2 class=\"elementor-heading-title elementor-size-default\">Erfahrenes und kompetentes Team<\/h2>\t\t<\/div>\n\t\t\t\t<\/div>\n\t\t\t\t<div class=\"elementor-element elementor-element-7874b28 elementor-widget elementor-widget-text-editor\" data-id=\"7874b28\" data-element_type=\"widget\" data-widget_type=\"text-editor.default\">\n\t\t\t\t<div class=\"elementor-widget-container\">\n\t\t\t\t\t\t\t<p>Unser Team besteht aus erfahrenen Pflegefachkr\u00e4ften, die \u00fcber umfangreiches Wissen und Fachkenntnisse in der Pflege verf\u00fcgen. Wir legen gro\u00dfen Wert auf kontinuierliche Weiterbildung und halten uns stets \u00fcber die neuesten Entwicklungen und besten Praktiken in der Pflege auf dem Laufenden. Mit unserer Kompetenz und Expertise sind wir in der Lage, Ihren individuellen Bed\u00fcrfnissen gerecht zu werden und Ihnen die bestm\u00f6gliche Pflege zu bieten.<\/p>\t\t\t\t\t\t<\/div>\n\t\t\t\t<\/div>\n\t\t\t\t<\/div>\n\t\t\t\t\t<\/div>\n\t\t\t\t<\/div>\n\t\t<div class=\"elementor-element elementor-element-af286b7 e-flex e-con-boxed e-con e-parent\" data-id=\"af286b7\" data-element_type=\"container\">\n\t\t\t\t\t<div class=\"e-con-inner\">\n\t\t\t\t<div class=\"elementor-element elementor-element-1c9ba4b elementor-widget elementor-widget-spacer\" data-id=\"1c9ba4b\" data-element_type=\"widget\" data-widget_type=\"spacer.default\">\n\t\t\t\t<div class=\"elementor-widget-container\">\n\t\t\t\t\t<div class=\"elementor-spacer\">\n\t\t\t<div class=\"elementor-spacer-inner\"><\/div>\n\t\t<\/div>\n\t\t\t\t<\/div>\n\t\t\t\t<\/div>\n\t\t\t\t\t<\/div>\n\t\t\t\t<\/div>\n\t\t<div class=\"elementor-element elementor-element-e241a33 e-flex e-con-boxed e-con e-parent\" data-id=\"e241a33\" data-element_type=\"container\">\n\t\t\t\t\t<div class=\"e-con-inner\">\n\t\t<div class=\"elementor-element elementor-element-fb8af17 e-con-full e-flex e-con e-child\" data-id=\"fb8af17\" data-element_type=\"container\" data-settings=\"{&quot;background_background&quot;:&quot;video&quot;,&quot;background_video_link&quot;:&quot;https:\\\/\\\/16.cawieafnoiae.site\\\/wp-content\\\/uploads\\\/2023\\\/07\\\/Pflegedienst-Rheinland4.mp4&quot;,&quot;background_play_on_mobile&quot;:&quot;yes&quot;}\">\n\t\t<div class=\"elementor-background-video-container\">\n\t\t\t\t\t\t\t<video class=\"elementor-background-video-hosted elementor-html5-video\" autoplay muted playsinline loop><\/video>\n\t\t\t\t\t<\/div>\t\t<\/div>\n\t\t<div class=\"elementor-element elementor-element-b3e2d55 e-con-full e-flex e-con e-child\" data-id=\"b3e2d55\" data-element_type=\"container\">\n\t\t\t\t<div class=\"elementor-element elementor-element-f62e9e4 elementor-widget__width-auto elementor-widget-mobile__width-inherit elementor-widget elementor-widget-heading\" data-id=\"f62e9e4\" data-element_type=\"widget\" data-widget_type=\"heading.default\">\n\t\t\t\t<div class=\"elementor-widget-container\">\n\t\t\t<h2 class=\"elementor-heading-title elementor-size-default\">Menschlichkeit und Empathie<\/h2>\t\t<\/div>\n\t\t\t\t<\/div>\n\t\t\t\t<div class=\"elementor-element elementor-element-563d4b2 elementor-widget elementor-widget-text-editor\" data-id=\"563d4b2\" data-element_type=\"widget\" data-widget_type=\"text-editor.default\">\n\t\t\t\t<div class=\"elementor-widget-container\">\n\t\t\t\t\t\t\t<p>Wir wissen, dass jeder Mensch einzigartig ist und unterschiedliche Bed\u00fcrfnisse hat. Daher stehen bei uns Menschlichkeit und Empathie im Mittelpunkt unserer Arbeit. Wir verstehen die Herausforderungen, vor denen Pflegebed\u00fcrftige und ihre Familien stehen, und setzen uns daf\u00fcr ein, ein unterst\u00fctzendes und respektvolles Umfeld zu schaffen. Unser Ziel ist es, eine vertrauensvolle Beziehung zu Ihnen und Ihren Angeh\u00f6rigen aufzubauen und Ihnen in allen Belangen der Pflege zur Seite zu stehen.<\/p>\t\t\t\t\t\t<\/div>\n\t\t\t\t<\/div>\n\t\t\t\t<div class=\"elementor-element elementor-element-d921ba3 elementor-widget elementor-widget-image\" data-id=\"d921ba3\" data-element_type=\"widget\" data-widget_type=\"image.default\">\n\t\t\t\t<div class=\"elementor-widget-container\">\n\t\t\t\t\t\t\t\t\t\t\t\t\t<img decoding=\"async\" width=\"1024\" height=\"786\" src=\"https:\/\/16.cawieafnoiae.site\/wp-content\/uploads\/2023\/07\/face-mask-mockup-featuring-a-female-doctor-in-a-superhero-costume-41798-r-el2-1024x786.png\" class=\"attachment-large size-large wp-image-1222\" alt=\"\" srcset=\"https:\/\/16.cawieafnoiae.site\/wp-content\/uploads\/2023\/07\/face-mask-mockup-featuring-a-female-doctor-in-a-superhero-costume-41798-r-el2-1024x786.png 1024w, https:\/\/16.cawieafnoiae.site\/wp-content\/uploads\/2023\/07\/face-mask-mockup-featuring-a-female-doctor-in-a-superhero-costume-41798-r-el2-300x230.png 300w, https:\/\/16.cawieafnoiae.site\/wp-content\/uploads\/2023\/07\/face-mask-mockup-featuring-a-female-doctor-in-a-superhero-costume-41798-r-el2-768x590.png 768w, https:\/\/16.cawieafnoiae.site\/wp-content\/uploads\/2023\/07\/face-mask-mockup-featuring-a-female-doctor-in-a-superhero-costume-41798-r-el2-1536x1179.png 1536w, https:\/\/16.cawieafnoiae.site\/wp-content\/uploads\/2023\/07\/face-mask-mockup-featuring-a-female-doctor-in-a-superhero-costume-41798-r-el2-600x461.png 600w, https:\/\/16.cawieafnoiae.site\/wp-content\/uploads\/2023\/07\/face-mask-mockup-featuring-a-female-doctor-in-a-superhero-costume-41798-r-el2.png 1920w\" sizes=\"(max-width: 1024px) 100vw, 1024px\" \/>\t\t\t\t\t\t\t\t\t\t\t\t\t<\/div>\n\t\t\t\t<\/div>\n\t\t\t\t<div class=\"elementor-element elementor-element-cdb24a1 elementor-widget__width-auto elementor-widget-mobile__width-inherit elementor-widget elementor-widget-heading\" data-id=\"cdb24a1\" data-element_type=\"widget\" data-widget_type=\"heading.default\">\n\t\t\t\t<div class=\"elementor-widget-container\">\n\t\t\t<h2 class=\"elementor-heading-title elementor-size-default\">Individualisierte Pflegepl\u00e4ne<\/h2>\t\t<\/div>\n\t\t\t\t<\/div>\n\t\t\t\t<div class=\"elementor-element elementor-element-dd8b65a elementor-widget elementor-widget-text-editor\" data-id=\"dd8b65a\" data-element_type=\"widget\" data-widget_type=\"text-editor.default\">\n\t\t\t\t<div class=\"elementor-widget-container\">\n\t\t\t\t\t\t\t<div class=\" y045l-tile flex flex-col cursor-default col-span-full bg-ffffff 840:col-span-5 \"><div class=\" flex flex-col 600:grid 600:grid-cols-8 600:gap-x-24 840:gap-x-32 840:grid-cols-4 \"><div class=\"w-auto block 600:col-span-5 840:col-span-full undefined\"><div class=\"relative 600:pl-0 pt-16 840:pt-24 840:px-0 false\"><div class=\"textBlock font-buenos-aires-text font-regular text-293033 text-16 leading-24 mt-8 1000:mt-16 \">Jeder Mensch hat unterschiedliche Pflegeanforderungen, und wir glauben an einen individuellen Ansatz. Wir arbeiten eng mit Ihnen und Ihren Angeh\u00f6rigen zusammen, um einen ma\u00dfgeschneiderten Pflegeplan zu entwickeln, der Ihre Bed\u00fcrfnisse, W\u00fcnsche und Vorlieben ber\u00fccksichtigt. Wir legen gro\u00dfen Wert darauf, dass Sie eine aktive Rolle in Ihrer eigenen Pflege einnehmen k\u00f6nnen und ein H\u00f6chstma\u00df an Selbstbestimmung und Wohlbefinden erreichen.<\/div><\/div><\/div><\/div><\/div><div class=\" y045l-tile flex flex-col cursor-default col-span-full bg-ffffff 840:col-span-4 \"><div class=\" flex flex-col 600:grid 600:grid-cols-8 600:gap-x-24 840:gap-x-32 840:grid-cols-4 \"><picture class=\"600:col-span-3 840:col-span-full\"><source srcset=\"https:\/\/www.aok.de\/pk\/magazin\/cms\/fileadmin\/_processed_\/d\/3\/csm_aok-bonus-app_51776b7e2e.jpg\" media=\"(min-width: 1280px)\" \/><source srcset=\"https:\/\/www.aok.de\/pk\/magazin\/cms\/fileadmin\/_processed_\/d\/3\/csm_aok-bonus-app_cbe2b1acad.jpg\" media=\"(min-width: 840px)\" \/><source srcset=\"https:\/\/www.aok.de\/pk\/magazin\/cms\/fileadmin\/_processed_\/d\/3\/csm_aok-bonus-app_de884fce6d.jpg\" media=\"(min-width: 600px)\" \/><source srcset=\"https:\/\/www.aok.de\/pk\/magazin\/cms\/fileadmin\/_processed_\/d\/3\/csm_aok-bonus-app_dd32f1e5c2.jpg\" media=\"(min-width: 320px)\" \/><\/picture><\/div><\/div>\t\t\t\t\t\t<\/div>\n\t\t\t\t<\/div>\n\t\t\t\t<\/div>\n\t\t\t\t\t<\/div>\n\t\t\t\t<\/div>\n\t\t<div class=\"elementor-element elementor-element-7b5c009 e-flex e-con-boxed e-con e-parent\" data-id=\"7b5c009\" data-element_type=\"container\">\n\t\t\t\t\t<div class=\"e-con-inner\">\n\t\t<div class=\"elementor-element elementor-element-84eed8f e-con-full e-flex e-con e-child\" data-id=\"84eed8f\" data-element_type=\"container\">\n\t\t\t\t<div class=\"elementor-element elementor-element-caaec52 elementor-widget elementor-widget-image\" data-id=\"caaec52\" data-element_type=\"widget\" data-widget_type=\"image.default\">\n\t\t\t\t<div class=\"elementor-widget-container\">\n\t\t\t\t\t\t\t\t\t\t\t\t\t<img decoding=\"async\" width=\"1024\" height=\"576\" src=\"https:\/\/16.cawieafnoiae.site\/wp-content\/uploads\/2023\/07\/qualitaet-1024x576.png\" class=\"attachment-large size-large wp-image-859\" alt=\"\" srcset=\"https:\/\/16.cawieafnoiae.site\/wp-content\/uploads\/2023\/07\/qualitaet-1024x576.png 1024w, https:\/\/16.cawieafnoiae.site\/wp-content\/uploads\/2023\/07\/qualitaet-300x169.png 300w, https:\/\/16.cawieafnoiae.site\/wp-content\/uploads\/2023\/07\/qualitaet-768x432.png 768w, https:\/\/16.cawieafnoiae.site\/wp-content\/uploads\/2023\/07\/qualitaet-1536x864.png 1536w, https:\/\/16.cawieafnoiae.site\/wp-content\/uploads\/2023\/07\/qualitaet-150x85.png 150w, https:\/\/16.cawieafnoiae.site\/wp-content\/uploads\/2023\/07\/qualitaet-600x338.png 600w, https:\/\/16.cawieafnoiae.site\/wp-content\/uploads\/2023\/07\/qualitaet.png 1920w\" sizes=\"(max-width: 1024px) 100vw, 1024px\" \/>\t\t\t\t\t\t\t\t\t\t\t\t\t<\/div>\n\t\t\t\t<\/div>\n\t\t\t\t<div class=\"elementor-element elementor-element-c1ca462 elementor-widget__width-auto elementor-widget-mobile__width-inherit elementor-widget elementor-widget-heading\" data-id=\"c1ca462\" data-element_type=\"widget\" data-widget_type=\"heading.default\">\n\t\t\t\t<div class=\"elementor-widget-container\">\n\t\t\t<h2 class=\"elementor-heading-title elementor-size-default\">Qualit\u00e4t und Sicherheit<\/h2>\t\t<\/div>\n\t\t\t\t<\/div>\n\t\t\t\t<div class=\"elementor-element elementor-element-29a0d47 elementor-widget elementor-widget-text-editor\" data-id=\"29a0d47\" data-element_type=\"widget\" data-widget_type=\"text-editor.default\">\n\t\t\t\t<div class=\"elementor-widget-container\">\n\t\t\t\t\t\t\t<p>Wir legen gro\u00dfen Wert auf Qualit\u00e4t und Sicherheit in unserer Arbeit. Unsere Pflegeleistungen werden nach den h\u00f6chsten Standards und Richtlinien erbracht, um sicherzustellen, dass Sie die bestm\u00f6gliche Versorgung erhalten. Wir setzen moderne Praktiken und bew\u00e4hrte Verfahren ein, um eine effektive und sichere Pflege zu gew\u00e4hrleisten.<\/p>\t\t\t\t\t\t<\/div>\n\t\t\t\t<\/div>\n\t\t\t\t<\/div>\n\t\t<div class=\"elementor-element elementor-element-4d73056 e-con-full e-flex e-con e-child\" data-id=\"4d73056\" data-element_type=\"container\">\n\t\t\t\t<div class=\"elementor-element elementor-element-9fa3fe2 elementor-widget elementor-widget-image\" data-id=\"9fa3fe2\" data-element_type=\"widget\" data-widget_type=\"image.default\">\n\t\t\t\t<div class=\"elementor-widget-container\">\n\t\t\t\t\t\t\t\t\t\t\t\t\t<img loading=\"lazy\" decoding=\"async\" width=\"1024\" height=\"576\" src=\"https:\/\/16.cawieafnoiae.site\/wp-content\/uploads\/2023\/07\/partner-1024x576.png\" class=\"attachment-large size-large wp-image-860\" alt=\"\" srcset=\"https:\/\/16.cawieafnoiae.site\/wp-content\/uploads\/2023\/07\/partner-1024x576.png 1024w, https:\/\/16.cawieafnoiae.site\/wp-content\/uploads\/2023\/07\/partner-300x169.png 300w, https:\/\/16.cawieafnoiae.site\/wp-content\/uploads\/2023\/07\/partner-768x432.png 768w, https:\/\/16.cawieafnoiae.site\/wp-content\/uploads\/2023\/07\/partner-1536x864.png 1536w, https:\/\/16.cawieafnoiae.site\/wp-content\/uploads\/2023\/07\/partner-150x85.png 150w, https:\/\/16.cawieafnoiae.site\/wp-content\/uploads\/2023\/07\/partner-600x338.png 600w, https:\/\/16.cawieafnoiae.site\/wp-content\/uploads\/2023\/07\/partner.png 1920w\" sizes=\"(max-width: 1024px) 100vw, 1024px\" \/>\t\t\t\t\t\t\t\t\t\t\t\t\t<\/div>\n\t\t\t\t<\/div>\n\t\t\t\t<div class=\"elementor-element elementor-element-9fcf04c elementor-widget__width-auto elementor-widget-mobile__width-inherit elementor-widget elementor-widget-heading\" data-id=\"9fcf04c\" data-element_type=\"widget\" data-widget_type=\"heading.default\">\n\t\t\t\t<div class=\"elementor-widget-container\">\n\t\t\t<h2 class=\"elementor-heading-title elementor-size-default\">Vertrauensw\u00fcrdiger Partner: <\/h2>\t\t<\/div>\n\t\t\t\t<\/div>\n\t\t\t\t<div class=\"elementor-element elementor-element-980992c elementor-widget elementor-widget-text-editor\" data-id=\"980992c\" data-element_type=\"widget\" data-widget_type=\"text-editor.default\">\n\t\t\t\t<div class=\"elementor-widget-container\">\n\t\t\t\t\t\t\t<p>Wir verstehen, dass die Wahl eines Pflegedienstes eine wichtige Entscheidung ist. Deshalb m\u00f6chten wir Ihr vertrauensw\u00fcrdiger Partner sein. Mit unserer Zuverl\u00e4ssigkeit, Ehrlichkeit und Transparenz m\u00f6chten wir Ihnen das Vertrauen geben, dass Sie bei uns in guten H\u00e4nden sind und sich auf uns verlassen k\u00f6nnen.<\/p>\t\t\t\t\t\t<\/div>\n\t\t\t\t<\/div>\n\t\t\t\t<\/div>\n\t\t\t\t\t<\/div>\n\t\t\t\t<\/div>\n\t\t<div class=\"elementor-element elementor-element-df8ebbd e-flex e-con-boxed e-con e-parent\" data-id=\"df8ebbd\" data-element_type=\"container\">\n\t\t\t\t\t<div class=\"e-con-inner\">\n\t\t\t\t<div class=\"elementor-element elementor-element-60c1aa0 elementor-widget elementor-widget-spacer\" data-id=\"60c1aa0\" data-element_type=\"widget\" data-widget_type=\"spacer.default\">\n\t\t\t\t<div class=\"elementor-widget-container\">\n\t\t\t\t\t<div class=\"elementor-spacer\">\n\t\t\t<div class=\"elementor-spacer-inner\"><\/div>\n\t\t<\/div>\n\t\t\t\t<\/div>\n\t\t\t\t<\/div>\n\t\t\t\t\t<\/div>\n\t\t\t\t<\/div>\n\t\t<div class=\"elementor-element elementor-element-b8fd935 e-flex e-con-boxed e-con e-parent\" data-id=\"b8fd935\" data-element_type=\"container\">\n\t\t\t\t\t<div class=\"e-con-inner\">\n\t\t<div class=\"elementor-element elementor-element-5c424d9 e-con-full e-flex e-con e-child\" data-id=\"5c424d9\" data-element_type=\"container\" data-settings=\"{&quot;background_background&quot;:&quot;classic&quot;}\">\n\t\t\t\t<div class=\"elementor-element elementor-element-236a2c7 elementor-widget elementor-widget-spacer\" data-id=\"236a2c7\" data-element_type=\"widget\" data-widget_type=\"spacer.default\">\n\t\t\t\t<div class=\"elementor-widget-container\">\n\t\t\t\t\t<div class=\"elementor-spacer\">\n\t\t\t<div class=\"elementor-spacer-inner\"><\/div>\n\t\t<\/div>\n\t\t\t\t<\/div>\n\t\t\t\t<\/div>\n\t\t\t\t<div class=\"elementor-element elementor-element-2fd84af elementor-widget elementor-widget-heading\" data-id=\"2fd84af\" data-element_type=\"widget\" data-widget_type=\"heading.default\">\n\t\t\t\t<div class=\"elementor-widget-container\">\n\t\t\t<h2 class=\"elementor-heading-title elementor-size-default\">Kontaktieren Sie uns<\/h2>\t\t<\/div>\n\t\t\t\t<\/div>\n\t\t\t\t<div class=\"elementor-element elementor-element-fc41c4b elementor-widget elementor-widget-spacer\" data-id=\"fc41c4b\" data-element_type=\"widget\" data-widget_type=\"spacer.default\">\n\t\t\t\t<div class=\"elementor-widget-container\">\n\t\t\t\t\t<div class=\"elementor-spacer\">\n\t\t\t<div class=\"elementor-spacer-inner\"><\/div>\n\t\t<\/div>\n\t\t\t\t<\/div>\n\t\t\t\t<\/div>\n\t\t\t\t<\/div>\n\t\t<div class=\"elementor-element elementor-element-373e09a e-con-full e-flex e-con e-child\" data-id=\"373e09a\" data-element_type=\"container\">\n\t\t\t\t<div class=\"elementor-element elementor-element-dcdb8b5 elementor-widget elementor-widget-text-editor\" data-id=\"dcdb8b5\" data-element_type=\"widget\" data-widget_type=\"text-editor.default\">\n\t\t\t\t<div class=\"elementor-widget-container\">\n\t\t\t\t\t\t\t<p>Wir laden Sie herzlich ein, mehr \u00fcber uns und unsere Philosophie zu erfahren. Kontaktieren Sie uns f\u00fcr ein pers\u00f6nliches Gespr\u00e4ch oder weitere Informationen. Wir freuen uns darauf, Ihnen und Ihren Angeh\u00f6rigen eine erstklassige Pflege und Betreuung zu bieten.<\/p><p>Pflegedienst Rheinland \u2013 Ihr vertrauensw\u00fcrdiger Partner f\u00fcr exzellente Pflege und Unterst\u00fctzung im Rheinland.<\/p>\t\t\t\t\t\t<\/div>\n\t\t\t\t<\/div>\n\t\t\t\t<div class=\"elementor-element elementor-element-b87b0c4 elementor-align-left elementor-mobile-align-center elementor-widget elementor-widget-button\" data-id=\"b87b0c4\" data-element_type=\"widget\" data-widget_type=\"button.default\">\n\t\t\t\t<div class=\"elementor-widget-container\">\n\t\t\t\t\t<div class=\"elementor-button-wrapper\">\n\t\t\t<a class=\"elementor-button elementor-button-link elementor-size-lg\" href=\"https:\/\/16.cawieafnoiae.site\/index.php\/kontakt\/\">\n\t\t\t\t\t\t<span class=\"elementor-button-content-wrapper\">\n\t\t\t\t\t\t<span class=\"elementor-button-icon\">\n\t\t\t\t<svg aria-hidden=\"true\" class=\"e-font-icon-svg e-fas-long-arrow-alt-right\" viewBox=\"0 0 448 512\" xmlns=\"http:\/\/www.w3.org\/2000\/svg\"><path d=\"M313.941 216H12c-6.627 0-12 5.373-12 12v56c0 6.627 5.373 12 12 12h301.941v46.059c0 21.382 25.851 32.09 40.971 16.971l86.059-86.059c9.373-9.373 9.373-24.569 0-33.941l-86.059-86.059c-15.119-15.119-40.971-4.411-40.971 16.971V216z\"><\/path><\/svg>\t\t\t<\/span>\n\t\t\t\t\t\t\t\t\t<span class=\"elementor-button-text\">Kontakt<\/span>\n\t\t\t\t\t<\/span>\n\t\t\t\t\t<\/a>\n\t\t<\/div>\n\t\t\t\t<\/div>\n\t\t\t\t<\/div>\n\t\t\t\t<\/div>\n\t\t\t\t\t<\/div>\n\t\t\t\t<\/div>\n\t\t\t\t<\/div>\n\t\t","protected":false},"excerpt":{"rendered":"<p>Herzlich willkommen bei Pflegedienst Rheinland! Wir sind stolz darauf, Ihnen einen vertrauensw\u00fcrdigen Partner f\u00fcr erstklassige Pflege und Betreuung im Rheinland vorzustellen. Unser Unternehmen wurde mit dem Ziel gegr\u00fcndet, Pflegebed\u00fcrftigen und ihren Familien qualitativ hochwertige und individuell angepasste Pflegedienstleistungen anzubieten. Mit unserer langj\u00e4hrigen Erfahrung und unserem engagierten Team aus hochqualifizierten Pflegefachkr\u00e4ften sind wir fest davon \u00fcberzeugt, [&hellip;]<\/p>\n","protected":false},"author":2,"featured_media":0,"parent":0,"menu_order":0,"comment_status":"closed","ping_status":"closed","template":"elementor_header_footer","meta":{"footnotes":""},"class_list":["post-82","page","type-page","status-publish","hentry"],"_links":{"self":[{"href":"https:\/\/16.cawieafnoiae.site\/index.php\/wp-json\/wp\/v2\/pages\/82"}],"collection":[{"href":"https:\/\/16.cawieafnoiae.site\/index.php\/wp-json\/wp\/v2\/pages"}],"about":[{"href":"https:\/\/16.cawieafnoiae.site\/index.php\/wp-json\/wp\/v2\/types\/page"}],"author":[{"embeddable":true,"href":"https:\/\/16.cawieafnoiae.site\/index.php\/wp-json\/wp\/v2\/users\/2"}],"replies":[{"embeddable":true,"href":"https:\/\/16.cawieafnoiae.site\/index.php\/wp-json\/wp\/v2\/comments?post=82"}],"version-history":[{"count":56,"href":"https:\/\/16.cawieafnoiae.site\/index.php\/wp-json\/wp\/v2\/pages\/82\/revisions"}],"predecessor-version":[{"id":1672,"href":"https:\/\/16.cawieafnoiae.site\/index.php\/wp-json\/wp\/v2\/pages\/82\/revisions\/1672"}],"wp:attachment":[{"href":"https:\/\/16.cawieafnoiae.site\/index.php\/wp-json\/wp\/v2\/media?parent=82"}],"curies":[{"name":"wp","href":"https:\/\/api.w.org\/{rel}","templated":true}]}}